{"id":4245,"date":"2021-12-26T20:38:38","date_gmt":"2021-12-26T19:38:38","guid":{"rendered":"https:\/\/www.kr-luxe.eu\/?page_id=4245"},"modified":"2021-12-26T20:44:37","modified_gmt":"2021-12-26T19:44:37","slug":"cookies-policy","status":"publish","type":"page","link":"https:\/\/www.kr-luxe.eu\/sl\/cookies-policy\/","title":{"rendered":"Pi\u0161kotki"},"content":{"rendered":"<p>Prosimo pozorno si preberite te pogoje o pi\u0161kotkih ('pi\u0161kotki'), predno za\u010dnete uporabljati na\u0161e strani www.kr-luxe.eu ('spletna stran', 'strani', 'usluge'), ki jih upravlja KR Lux\u00e9 ('mi', 'nas, 'na\u0161').<\/p>\n\n\n\n<h2 class=\"wp-block-heading\">Kaj so pi\u0161kotki?<\/h2>\n\n\n\n<p>Pi\u0161kotki so preprosti tekstovni dokumenti shranjeni na va\u0161em ra\u010dunalniku ali mobilni napravi, s strani serverja spletne strani. Vsak pi\u0161kotek je unikaten za va\u0161 spletni brskalnik. Vsebuje nekatere anonimne podatke kot so unikatni identifikator, ime domene spletne strani ter nekaj \u0161tevk in \u0161tevilk.<\/p>\n\n\n\n<h2 class=\"wp-block-heading\"><strong>Katere tipe pi\u0161kotkov uporabljamo?<\/strong><\/h2>\n\n\n\n<h3 class=\"wp-block-heading\">Nujni pi\u0161kotki<\/h3>\n\n\n\n<p>Nujni pi\u0161kotki nam omogo\u010dajo zagotavljanje najbolj\u0161e mo\u017ene izku\u0161nje dostopa in navigacije na an\u0161ih straneh ter brezhibno uporabo funkcij.<\/p>\n\n\n\n<h3 class=\"wp-block-heading\">Funkcionalni pi\u0161kotki<\/h3>\n\n\n\n<p>Funkcionalni pi\u0161kotki nam omogo\u010dajo upravljanje s stranim v skladu z va\u0161imi izborom. Na primer, prepoznali bomo va\u0161e uporabni\u0161ko ime in si zapomnili kako ste prilagodili strani za va\u0161e bodo\u010de obiske.<\/p>\n\n\n\n<h3 class=\"wp-block-heading\">Analitni\u010dni pi\u0161kotki<\/h3>\n\n\n\n<p>Ti pi\u0161kotki omogo\u010dajo, nam in zunanjim ponudnikom, zbiranje agregiranih podatkov v statisti\u010dne namene o tem kako upoprabniki uporabljajo na\u0161e strani. Ti pi\u0161kotki ne vsebujejo osebnih podatkov kot so imena in email naslovi in jih uporabljamo za izbolj\u0161anje uporabni\u0161ke izku\u0161nje na\u0161e spletne strani.<\/p>\n\n\n\n<h2 class=\"wp-block-heading\">Kako lahko izbri\u0161ete pi\u0161kotke?<\/h2>\n\n\n\n<p>\u010ce \u017eelite omejiti ali blokirati pi\u0161kotke, ki jih uporabljajo na\u0161e strani, lahko to storite v nastavitvah va\u0161ega spletnega brskalnika. Alternativno, lahko obi\u0161\u010dete <a href=\"http:\/\/www.internetcookies.org\" target=\"_blank\" rel=\"noopener\">www.internetcookies.org<\/a>, kjer so zbrane obse\u017ene informacije kako to storite na razli\u010dnih spletnih brskalnikih in napravah. Tu boste na\u0161li informacije glede pi\u0161kotkov in podatke kako pi\u0161kotke izbrisati z va\u0161e naprave.<\/p>\n\n\n\n<h2 class=\"wp-block-heading\">Kontaktirajte nas<\/h2>\n\n\n\n<p>Vkolikor imate vpra\u0161anja povezana s temi pogoji in uporabo pi\u0161kotkov na na\u0161i strani, nas prosimo kontaktirajte prek email-a: <a href=\"mailto:info@kr-luxe.eu\">info@kr-luxe.eu<\/a><\/p>","protected":false},"excerpt":{"rendered":"<p>Please read this cookie policy (\u201ccookie policy\u201d) carefully before using our Sites www.kr-luxe.eu (\u201cwebsite\u201d, &#8220;service&#8221;) operated by KR Lux\u00e9 (&#8220;us&#8221;, &#8216;we&#8221;, &#8220;our&#8221;). What are cookies? Cookies are simple text files that are stored on your computer or mobile device by a website\u2019s server. Each cookie is unique to your web browser. It will contain some &hellip;<\/p>\n<p class=\"read-more\"> <a class=\"\" href=\"https:\/\/www.kr-luxe.eu\/sl\/cookies-policy\/\"> <span class=\"screen-reader-text\">Pi\u0161kotki<\/span> Read More &raquo;<\/a><\/p>","protected":false},"author":1,"featured_media":0,"parent":0,"menu_order":0,"comment_status":"closed","ping_status":"closed","template":"","meta":{"site-sidebar-layout":"default","site-content-layout":"default","ast-global-header-display":"","ast-main-header-display":"","ast-hfb-above-header-display":"","ast-hfb-below-header-display":"","ast-hfb-mobile-header-display":"","site-post-title":"","ast-breadcrumbs-content":"","ast-featured-img":"","footer-sml-layout":"","theme-transparent-header-meta":"","adv-header-id-meta":"","stick-header-meta":"","header-above-stick-meta":"","header-main-stick-meta":"","header-below-stick-meta":"","footnotes":""},"class_list":["post-4245","page","type-page","status-publish","hentry"],"_links":{"self":[{"href":"https:\/\/www.kr-luxe.eu\/sl\/wp-json\/wp\/v2\/pages\/4245","targetHints":{"allow":["GET"]}}],"collection":[{"href":"https:\/\/www.kr-luxe.eu\/sl\/wp-json\/wp\/v2\/pages"}],"about":[{"href":"https:\/\/www.kr-luxe.eu\/sl\/wp-json\/wp\/v2\/types\/page"}],"author":[{"embeddable":true,"href":"https:\/\/www.kr-luxe.eu\/sl\/wp-json\/wp\/v2\/users\/1"}],"replies":[{"embeddable":true,"href":"https:\/\/www.kr-luxe.eu\/sl\/wp-json\/wp\/v2\/comments?post=4245"}],"version-history":[{"count":2,"href":"https:\/\/www.kr-luxe.eu\/sl\/wp-json\/wp\/v2\/pages\/4245\/revisions"}],"predecessor-version":[{"id":4250,"href":"https:\/\/www.kr-luxe.eu\/sl\/wp-json\/wp\/v2\/pages\/4245\/revisions\/4250"}],"wp:attachment":[{"href":"https:\/\/www.kr-luxe.eu\/sl\/wp-json\/wp\/v2\/media?parent=4245"}],"curies":[{"name":"wp","href":"https:\/\/api.w.org\/{rel}","templated":true}]}}